{"id":388,"date":"2016-03-06T12:57:44","date_gmt":"2016-03-06T11:57:44","guid":{"rendered":"http:\/\/wp.volkerhildebrandt.de\/?page_id=388"},"modified":"2017-10-10T17:13:21","modified_gmt":"2017-10-10T15:13:21","slug":"ausstellungen-2","status":"publish","type":"page","link":"https:\/\/volkerhildebrandt.de\/?page_id=388","title":{"rendered":"vita ausstellungen"},"content":{"rendered":"<div class=\"entry-content\" itemprop=\"text\">\n<h4>Volker Hildebrandt<\/h4>\n<p><em>1953<\/em> in Duisburg geboren<br \/>\n<em>1972<\/em> \u2013 78 Studium der Kunstgeschichte und Sonderp\u00e4dagogik in Bonn und K\u00f6ln<br \/>\nlebt in K\u00f6ln<br \/>\n<em>1992<\/em> Kunstpreis der Anker Bank K\u00f6ln<\/p>\n<p>&nbsp;<\/p>\n<h4>Einzelausstellungen<\/h4>\n<p><em>1976<\/em><\/p>\n<p style=\"padding-left: 30px;\">Willich, Galerie L\u00f6hrl<br \/>\nBonn, Galerie im Ministerium<\/p>\n<p><em>1977<\/em><\/p>\n<p style=\"padding-left: 30px;\">Warschau, Galeria Wspolczesna<br \/>\nFrankfurt, Galerie L\u00fcpke<\/p>\n<p><em>1979<\/em><\/p>\n<p style=\"padding-left: 30px;\">Willich, Galerie L\u00f6hrl, \u201eZeit\u201c<br \/>\nMoers, St\u00e4dtische Galerie Peschkenhaus<\/p>\n<p><em>1980<\/em><\/p>\n<p style=\"padding-left: 30px;\">Bremerhaven, Kunstverein, \u201eOb ich Zeit habe? Die Zeit hat mich!\u201c<\/p>\n<p><em>1981<\/em><\/p>\n<p style=\"padding-left: 30px;\">Klagenfurt, Galerie Hildebrand<\/p>\n<p><em>1983<\/em><\/p>\n<p style=\"padding-left: 30px;\"><a href=\"http:\/\/wp.volkerhildebrandt.de\/wp-content\/uploads\/2016\/05\/1983-rheinhausen.pdf\" target=\"_blank\" rel=\"noopener\">Duisburg, St\u00e4dtische Sammlungen Rheinhausen, \u201ePrinzip Spirale\u201c<\/a><br \/>\nEssen-Kettwig, Galerie Sch\u00fcppenhauer, \u201eManifestes Bunt\u201c<br \/>\n<a href=\"http:\/\/wp.volkerhildebrandt.de\/?page_id=1245\" target=\"_blank\" rel=\"noopener\"> Bildschirmtext, \u201eBildst\u00f6rung &#8211; Hildebrandt\u201c<\/a><\/p>\n<p><em>1986<\/em><\/p>\n<p style=\"padding-left: 30px;\">M\u00fclheim a. d. Ruhr, Karin Bolz Galerie, \u201eKonzeptionen Rosa\u201c<br \/>\nWuppertal, Kunstraum, \u201eRosa Schnecke\u201c (Kat.)<br \/>\nM\u00fclheim a. d. Ruhr, St\u00e4dtisches Museum, \u201eRosa Schnecke\u201c<\/p>\n<p><em>1987<\/em><\/p>\n<p style=\"padding-left: 30px;\"><a href=\"http:\/\/wp.volkerhildebrandt.de\/?page_id=520\">M\u00fclheim a. d. Ruhr, Karin Bolz Galerie, \u201eObjekte f\u00fcr Fortgeschrittene\u201c<\/a><br \/>\nM\u00f6nchengladbach, Impulse Galerie L\u00f6hrl, \u201eRosa Schnecke und drumrum\u201c<\/p>\n<p><em>1989<\/em><\/p>\n<p style=\"padding-left: 30px;\">K\u00f6ln, Karin Bolz Galerie, \u201eBilder f\u00fcr Blinde\u201c (Kat.)<br \/>\n<a href=\"http:\/\/wp.volkerhildebrandt.de\/?page_id=1245\">Bildschirmtext, \u201eWelcome to Hotel Rasputin\u201c (Kat.)<\/a><\/p>\n<p><em>1990<\/em><\/p>\n<p style=\"padding-left: 30px;\">K\u00f6ln, Karin Bolz Galerie, \u201eChaotische Strukturen\u201c (Kat.)<br \/>\nLeverkusen, Museum Morsbroich, \u201eDer Saal der Sammlung und Das Zimmer des Sammlers\u201c (Kat.)<\/p>\n<p><em>1991<\/em><\/p>\n<p style=\"padding-left: 30px;\">Unna, Kunstverein, \u201eStoffmuster\u201c (Kat.)<br \/>\nWuppertal, Galerie Epikur, \u201eSpektakuleer\u201c (Kat.)<\/p>\n<p><em>1992<\/em><\/p>\n<p style=\"padding-left: 30px;\"><a href=\"http:\/\/wp.volkerhildebrandt.de\/?page_id=2301\">K\u00f6ln, Karin Bolz Galerie, \u201eBetrachtungen zur Zeit und Bild\u201c<\/a><br \/>\nUlm, Kunstraum Axel Holm<br \/>\nRegensburg, Lindinger + Schmid<\/p>\n<p><em>1993<\/em><\/p>\n<p style=\"padding-left: 30px;\">K\u00f6ln, Galerie Paszti-Bott, \u201eGlorias Zeitlang\u201c<br \/>\nKassel, Galerie Siegfried Sander, \u201eMorgens Bild und abends Bilder\u201c<br \/>\nWindhagen, Galerie 54 (Kat.)<br \/>\nFrankfurt, Galerie L\u00fcpke, \u201ePublic Dream Screen Braubachstra\u00dfe\u201c<\/p>\n<p><em>1994<\/em><\/p>\n<p style=\"padding-left: 30px;\"><a href=\"http:\/\/wp.volkerhildebrandt.de\/?page_id=2232\">Chemnitz, St\u00e4dt. Kunstsammlungen, \u201ePictory \u2013 Der Sieg der Bilder\u201c (Kat.)<\/a><br \/>\nStuttgart, Galerie Rainer Wehr, \u201eWahriabilit\u00e4t\u201c<br \/>\n<a href=\"http:\/\/wp.volkerhildebrandt.de\/?page_id=708\">Stuttgart, Landesgirokasse, \u201ePublic Dream Screen K\u00f6nigstra\u00dfe\u201c<\/a><br \/>\nK\u00f6ln, Agnes-Kirche, \u201eDu sollst Dir kein Bildnis machen\u201c (Kat.)<\/p>\n<p><em>1995<\/em><\/p>\n<p style=\"padding-left: 30px;\">Grenzach, Galerie Heinrich Schmidt, \u201eDas Freiburg-Wyhlen-Syndrom\u201c<br \/>\nHamburg, Galerie Cato Jans, \u201esuum cuique\u201c<br \/>\nRegensburg, Lindinger + Schmid, \u201ede nihilo nihil\u201c<br \/>\nRegensburg, Museum Ostdeutsche Galerie, \u201eEine Art Recycling\u201c<\/p>\n<p><em>1996<\/em><\/p>\n<p style=\"padding-left: 30px;\">M\u00fcnchen, Galerie Mathias Kampl, \u201eKreativit\u00e4ter\u201c<br \/>\nK\u00f6ln, Antoniter-Kirche, \u201eCross Dressing\u201c (Kat.)<br \/>\nKassel, Galerie Siegfried Sander, \u201eGro\u00dfe Wandzeichnung und was zum Verkaufen\u201c (Kat.)<br \/>\nKassel, Museum Neue Galerie, \u201eEine Art Recycling\u201c (Kat.)<br \/>\nKassel, Adventskirche, \u201eCross Dressing\u201c (Kat.)<br \/>\nPassau, Galerie Mathias Kampl, \u201eCross Dressing\u201c<br \/>\nK\u00f6ln, Lutz Teutloff Galerie, \u201eLa Fantasia\u201c<br \/>\nFrankfurt Forum im Dominikanerkloster, \u201eCross Dressing\u201c<\/p>\n<p><em>1997<\/em><\/p>\n<p style=\"padding-left: 30px;\">K\u00f6ln, Studio DuMont, \u201eM 62: Express \u00b493\u201c<br \/>\nK\u00f6ln, Lutz Teutloff Galerie, \u201eRoom-Warming Rosa Zimmer\u201c<br \/>\nK\u00f6ln, Komed, \u201eRosa Zimmer\u201c<\/p>\n<p><em>1998<\/em><\/p>\n<p style=\"padding-left: 30px;\">M\u00fcnchen, Galerie Mathias Kampl, \u201eangesichts\u201c<br \/>\nM\u00fcnchen, Herz Jesu Klosterkirche, \u201eCross Dressing\u201c<br \/>\nBielefeld, Altst\u00e4dter Nicolaikirche, \u201eCross Dressing\u201c<br \/>\nBielefeld, Lutz Teutloff Galerie, \u201eBilder \u00fcber Bilder\u201c<br \/>\nBochum, TZR Galerie, \u201eDie zwei Seiten der Kanaille\u201c<\/p>\n<p><em>1999<\/em><\/p>\n<p style=\"padding-left: 30px;\">Wuppertal, Galerie Epikur, \u201eBildst\u00f6rung\u201c (Kat.)<\/p>\n<p><em>2000<\/em><\/p>\n<p style=\"padding-left: 30px;\">Internet, \u201evolkerhildebrandt.com\u201c, \u201ebildstoerung.com\u201c<\/p>\n<p><em>2001<\/em><\/p>\n<p style=\"padding-left: 30px;\">Hamburg, Erotic Art Museum, \u201eTransvision \u2013 Back to Hotel Rasputin\u201c<br \/>\nWuppertal, Galerie Epikur, \u201eTransvision\u201c<\/p>\n<p><em>2002<\/em><\/p>\n<p style=\"padding-left: 30px;\">M\u00fcnchen, Museum f\u00fcr moderne Kunst, \u201eGoddesses\u201c<\/p>\n<p><em>2003<\/em><\/p>\n<p style=\"padding-left: 30px;\">Internet, \u201ewww.in-halt.com\u201c<br \/>\nM\u00fcnchen, J\u00f6rg Heitsch Galerie, \u201eGoddesses\u201c<br \/>\nDeggendorf, Medien-Labor<\/p>\n<p><em>2005<\/em><\/p>\n<p style=\"padding-left: 30px;\">M\u00fcnchen, J\u00f6rg Heitsch Galerie, \u201eGlobal Players\u201c<br \/>\nM\u00fcnchen, Hilton Munich City Gallery, \u201eStardust\u201c<\/p>\n<p><em>2006<\/em><\/p>\n<p style=\"padding-left: 30px;\">Frankfurt, Deutsches Filmmuseum Frankfurt am Main, \u201eFussball. Still.\u201c (Kat.)<br \/>\nM\u00fcnchen, Hilton Munich City Gallery, \u201eDeutschland gegen Holland\u201c, mit Rob Scholte<\/p>\n<p><em>2007<\/em><\/p>\n<p style=\"padding-left: 30px;\"><a href=\"http:\/\/wp.volkerhildebrandt.de\/?page_id=2251\">Wuppertal, Galerie Epikur, \u201eElephants. Eyes.\u201c (Kat.)<\/a><br \/>\nZoo Wuppertal, \u201eElephants. Eyes\u201c, (Kat.)<br \/>\nZoo K\u00f6ln, \u201eElephants. Eyes\u201c, als Satelliten-Ausstellung der \u201eTierschau\u201c des Wallraf- Richartz-Museum &amp;<br \/>\nSammlung Corboud, K\u00f6ln (Kat.)<br \/>\nHamburg, Multiple Box, \u201eElephants. Eyes.\u201c<br \/>\nHamburg, Tierpark Hagenbeck, \u201eElephants. Eyes\u201c<\/p>\n<p><em>2008<\/em><\/p>\n<p style=\"padding-left: 30px;\">Amsterdam, Galerie Witteveen, \u201eBiltscht\u00f6roong\u201c<br \/>\nK\u00f6ln, Galerie Epikur, \u201eHildebrandt bei Hildebrandt\u201c<br \/>\nNettetal, Galerie Nostheide-Eycke, \u201edurch einander\u201c, mit Rob Scholte<br \/>\nMainz, Kunstverein Eisenturm, \u201eMoves and Stills\u201c<\/p>\n<p><em>2009<\/em><\/p>\n<p style=\"padding-left: 30px;\">M\u00fcnchen, J\u00f6rg Heitsch Galerie, \u201eSee You\u201c (Kat.)<br \/>\nD\u00fcsseldorf, Troner art Consulting, \u201eun-gem\u00fct-lich\u201c, mit Felix Droese<br \/>\nInternet, \u201ewww.youtube\/user\/hildebrandtlabs\u201c<br \/>\nInternet, \u201ewww.youtube\/user\/volkerhildebrandt\u201c<br \/>\nInternet, \u201ewww.loveprototo.com\u201c<\/p>\n<p><em>2010<\/em><\/p>\n<p style=\"padding-left: 30px;\">Hildesheim, Stammelbach-Speicher, \u201eSchau.mal\u201c<br \/>\n<a href=\"http:\/\/wp.volkerhildebrandt.de\/?page_id=2313\"> Deggendorf, Stadtmuseum, \u201eAugen.blick.mal\u201c<\/a><br \/>\nD\u00fcsseldorf, Troner Art Consulting, \u201eFu\u00dfball Lounge\u201c<\/p>\n<p>2011<\/p>\n<p style=\"padding-left: 30px;\"><a href=\"http:\/\/wp.volkerhildebrandt.de\/?page_id=2286\">K\u00f6ln, Fuhrwerkswaage<\/a><\/p>\n<p><em>2015<\/em><\/p>\n<p style=\"padding-left: 30px;\">Bad Oeynhausen, HDZ, \u201ears pro toto\u201c (Kat.)<\/p>\n<p>2016<\/p>\n<p style=\"padding-left: 30px;\"><a href=\"http:\/\/volkerhildebrandt.de\/?page_id=2507\">K\u00f6ln, DD55 Art Gallery, \u201eHEARTMEET\u201c (Kat.)<\/a><\/p>\n<p style=\"padding-left: 30px;\">Stuttgart, LBBW, &#8222;Rosa Zimmer&#8220;<\/p>\n<p style=\"padding-left: 30px;\">Stuttgart, Optik Martin, &#8222;Augen&#8220;<\/p>\n<p>&nbsp;<\/p>\n<h4>love pro toto<\/h4>\n<p><em>2010<\/em><\/p>\n<p style=\"padding-left: 30px;\">Hamburg, Multiple Box<br \/>\nDuisburg, Bethesda-Krankenhaus<br \/>\nWuppertal, Galerie Epikur<br \/>\nDeggendorf, Stadtmuseum<\/p>\n<p><em>2011<\/em><\/p>\n<p style=\"padding-left: 30px;\">Dortmund, Inhouse, Troner Art Consulting<br \/>\nD\u00fcsseldorf, Troner Art Consulting<br \/>\nLeverkusen, Museum Schlo\u00df Morsbroich (Kunstverein \u201eKamingespr\u00e4ch\u201c)<\/p>\n<p><em>2013<\/em><\/p>\n<p style=\"padding-left: 30px;\">Hamburg, Affordable Art Fair, Multiple Box<br \/>\nPulheim, artpul<\/p>\n<p><em>2014<\/em><\/p>\n<p style=\"padding-left: 30px;\">Hamburg, Multiple Box, \u201elove pro toto\u201c<br \/>\nPulheim, artpul<br \/>\nDen Helder, Rob Scholte Museum, \u201eTown of Love Den Helder\u201c<\/p>\n<p><em>2015<\/em><\/p>\n<p style=\"padding-left: 30px;\">Bad Salzdetfurth, Kunstverein, \u201e&#8230;.beim Wort nehmen\u201c<\/p>\n<p><em>2016<\/em><\/p>\n<p style=\"padding-left: 30px;\"><a href=\"http:\/\/volkerhildebrandt.de\/?page_id=2507\">K\u00f6ln, DD55 Art Gallery, \u201eHEARTMEET\u201c (Kat.)<\/a><\/p>\n<p>&nbsp;<\/p>\n<h4>Gruppenausstellungen<\/h4>\n<p><em>1978<\/em><\/p>\n<p style=\"padding-left: 30px;\">Berlin, Galerie Bossin, \u201eKonkrete Konzepte\u201c<\/p>\n<p><em>1980<\/em><\/p>\n<p style=\"padding-left: 30px;\">Portsmouth, City Museum, \u201eArtists from Duisburg\u201c (Kat.)<\/p>\n<p><em>1984<\/em><\/p>\n<p style=\"padding-left: 30px;\">Essen-Kettwig, Galerie Sch\u00fcppenhauer, \u201eBonjour, Monsieur Kolar!\u201c (Kat.)<\/p>\n<p><em>1985<\/em><\/p>\n<p style=\"padding-left: 30px;\">M\u00f6nchengladbach, Impulse Galerie L\u00f6hrl, \u201eFl\u00fcchtige Bilder\u201c (Kat.)<br \/>\n<a href=\"http:\/\/wp.volkerhildebrandt.de\/?page_id=632\">Hamburg, CCH, \u201eartware\u201c (Kat.)<\/a><\/p>\n<p><em>1986<\/em><\/p>\n<p style=\"padding-left: 30px;\"><a href=\"http:\/\/wp.volkerhildebrandt.de\/?page_id=531\">Hannover, Messe, \u201eartware\u201c (Kat.)<\/a><br \/>\nM\u00fclheim a. d. Ruhr, St\u00e4dtisches Museum, \u201eBTX-Art\u201c (Kat.)<br \/>\nWuppertal, VHS, \u201eKultur Natur\u201c (Kat.)<\/p>\n<p><em>1987<\/em><\/p>\n<p style=\"padding-left: 30px;\">Wuppertal, VHS, \u201eK\u00fcnstlichkeit und Wirklichkeit\u201c (Kat.)<\/p>\n<p><em>1988<\/em><\/p>\n<p style=\"padding-left: 30px;\">Gladbeck, St\u00e4dtische Galerie, \u201eComputerkunst 88\u201c (Kat.)<\/p>\n<p><em>1989<\/em><\/p>\n<p style=\"padding-left: 30px;\">RTL, \u201eKunstkanal\u201c (\u201eHildebrandt schafft das Fernsehbild in sieben Tagen\u201c)<\/p>\n<p><em>1990<\/em><\/p>\n<p style=\"padding-left: 30px;\">K\u00f6ln, Art Cologne, F\u00f6rderprogramm, Karin Bolz Galerie, K\u00f6ln (Kat.)<\/p>\n<p><em>1992<\/em><\/p>\n<p style=\"padding-left: 30px;\">Hagen, Karl Ernst Osthaus-Museum, \u201eTrivial Machines\u201c (Kat.)<br \/>\nPotsdam, Altes Rathaus, \u201eAvantgarde. Reflex Ost-West\u201c (Kat.)<\/p>\n<p><em>1993<\/em><\/p>\n<p style=\"padding-left: 30px;\">M\u00f6nchengladbach, Impulse Galerie L\u00f6hrl, \u201e10 Jahre Impulse Galerie L\u00f6hrl\u201c<\/p>\n<p><em>1995<\/em><\/p>\n<p style=\"padding-left: 30px;\">Rastatt, St\u00e4dtische Galerie Fruchthalle, \u201eSammlung Westermann\u201c (Kat.)<\/p>\n<p><em>1996<\/em><\/p>\n<p style=\"padding-left: 30px;\">Lindinger + Schmid, Regensburg, \u201eEin Haus voller H\u00e4user\u201c<\/p>\n<p><em>1997<\/em><\/p>\n<p style=\"padding-left: 30px;\">Konstanz, Kunstverein, \u201eDas neue Gesicht\u201c (Kat.)<br \/>\nLeverkusen, Museum Morsbroich, \u201eStandort Deutschland\u201c (Kat.)<br \/>\nLeipzig, Deutscher Evangelischer Kirchentag,<br \/>\nLangenberg, \u201eTuchf\u00fchlung\u201c (Kat.)<br \/>\nWuppertal, Von der Heydt-Museum, \u201eKunst der Gegenwart deutscher K\u00fcnstler\u201c (Kat.)<br \/>\nBerlin, Art Forum, Lutz Teutloff Galerie, \u201eRosa Zimmer\u201c<br \/>\nLeverkusen, Ulrich-Haberland-Stadion, \u201eQuerpass\u201c (Kat.)<\/p>\n<p><em>1998<\/em><\/p>\n<p style=\"padding-left: 30px;\">Bad Salzdetfurth, Kunstverein, \u201eEuropa, besteige den Stier!\u201c (Kat.)<br \/>\nAachen, Int. Zeitungsmuseum, \u201eLeben und Werk von Oscar v. Forckenbeck\u201c<br \/>\nKaunas, Nationales M. K. Ciurlionis-Kunstmuseum, \u201eKunst der Gegenwart deutscher K\u00fcnstler\u201c (Kat.)<br \/>\nHamburg, Axel Springer Passage, \u201eFu\u00dfball \u2013 Kult und Kunst\u201c<br \/>\nPl\u00f6n, Kunstverein Schlo\u00df Pl\u00f6n, \u201eDer Mensch.\u201c<br \/>\nM\u00f6nchengladbach, Museum Schlo\u00df Rheydt, \u201eHeimspiel\u201c (Kat.)<br \/>\nLeverkusen, Museum Morsbroich, \u201eGlobal Fun\u201c (Kat.)<\/p>\n<p><em>1999<\/em><\/p>\n<p style=\"padding-left: 30px;\">Bozen, AR \/ GE Kunst, \u201etranslocation \u2013 kabinett der streuungen\u201c<br \/>\nW\u00fcrzburg, St\u00e4dtische Galerie, \u201eFarblicht\u201c (Kat.)<br \/>\nHeidenheim, Kunstmuseum, \u201eFarblicht\u201c (Kat.)<br \/>\nStuttgart, \u201eZoom \u2013 Ansichten zur deutschen Gegenwartskunst, Sammlung Landesbank Baden-W\u00fcrttemberg\u201c (Kat.)<br \/>\nBad Salzdetfurth, Kunstverein, \u201eVom Skarab\u00e4us zum new beetle\u201c (Kat.)<br \/>\nK\u00f6ln, Wandelhalle, \u201eDenkpause\u201c<br \/>\nLeverkusen, Museum Morsbroich, \u201eAspekte 1942 \u2013 1998\u201c<\/p>\n<p><em>2000<\/em><\/p>\n<p style=\"padding-left: 30px;\">K\u00f6ln, Deutsches Sport- und Olympiamuseum, \u201eKunstfu\u00dfball \u2013 Fu\u00dfballkunst\u201c (Kat.)<br \/>\nLeverkusen, Museum Morsbroich, \u201eVon Angesicht zu Angesicht\u201c (Kat.)<\/p>\n<p><em>2001<\/em><\/p>\n<p style=\"padding-left: 30px;\">Frankfurt, Museum f\u00fcr Kommunikation, \u201eDIN ART 4\u201c (Kat.)<\/p>\n<p><em>2002<\/em><\/p>\n<p style=\"padding-left: 30px;\">Bergkamen, St\u00e4dtische Galerie Sohle 1, \u201eKunst auf Rezept\u201c (Kat.), Wanderausstellung<br \/>\nSiegburg, Pumpwerk, \u201eBilder bewegen uns\u201c<br \/>\nKarlsruhe, ZKM, \u201eMedienkunst im Dialog 1992 \u2013 2002\u201c (Kat.) Wanderausstellung<br \/>\nMochental, Galerie Schlo\u00df Mochental, \u201eK\u00f6pfe und Portr\u00e4ts\u201c<\/p>\n<p><em>2003<\/em><\/p>\n<p style=\"padding-left: 30px;\">Kassel, Universit\u00e4tsbibliothek, \u201eKonfrontation in Kassel\u201c<br \/>\nLondon, The County Hall Gallery, \u201eMarilyn Monroe \u2013 Life of a Legend\u201c (Kat.), Wanderausstellung<br \/>\nLemgo, Orangerie Schlo\u00df Brake, \u201eWilly Brandt \u2013 Portr\u00e4ts\u201c (Kat.), Wanderausstellung<br \/>\nHalle \/ Saale, KunstHalle \u2013 Villa Kobe, \u201eDer Augenblick ist Ewigkeit \u2013 Am Scheideweg: Christliche Symbole in<br \/>\nder zeitgen\u00f6ssischen Kunst\u201c, Wanderausstellung<\/p>\n<p><em>2004<\/em><\/p>\n<p style=\"padding-left: 30px;\">Wuppertal, Galerie Epikur, \u201eGratwanderungen\u201c<br \/>\nR\u00fcsselsheim, Opel Live, \u201eK\u00fcnstler am Ball\u201c<br \/>\nValencia, Reales Ataranzanas de Valencia, \u201eMarilyn \u2013 Una Vida de Leyenda\u201c (Kat.), Wanderausstellung<br \/>\nD\u00fcsseldorf, K\u00fcnstlerverein Malkasten, \u201eYou\u00b4ll never walk alone \u2013 Kunst und Sport\u201c<br \/>\nIstanbul, Vakko Beyoglu Sanat Galerisi, \u201eMarilyn Monroe \u2013 Bir Efsanenin Yasami\u201c (Kat.), Wanderausstellung<\/p>\n<p><em>2005<\/em><\/p>\n<p style=\"padding-left: 30px;\">Madrid, Sala de Exposiciones, Centro Cultural de la Villa, \u201eMarilyn Monroe \u2013 Vida de una Leyenda\u201c (Kat.), Wanderausst.<br \/>\nWien, Wien Museum, \u201eJohn F. Kennedy \/ Gipfel Wien 1961: Chruschtschow und Kennedy\u201c<br \/>\nKarlsruhe, Art Karlsruhe, Sonderschau, \u201eRosa Zimmer\u201c<\/p>\n<p style=\"padding-left: 30px;\"><a href=\"http:\/\/wp.volkerhildebrandt.de\/?page_id=2328\">K\u00f6ln, Art Cologne, Galerie Epikur<\/a><br \/>\n<a href=\"http:\/\/wp.volkerhildebrandt.de\/?page_id=690\">Wien, BA~CA Kunstforum + Kunsthalle Wien, \u201eSuperstars \u2013 Von Warhol bis Madonna\u201c (Kat.)<\/a><br \/>\nGelsenkirchen, Forum Bergmannsgl\u00fcck, \u201eKunst und Glaube\u201c (Kat.)<\/p>\n<p><em>2006<\/em><\/p>\n<p style=\"padding-left: 30px;\">Hamburg, Kunsthaus Hamburg, \u201eMarilyn Monroe \u2013 Legende, Mythos und Ikone\u201c (Kat.),<br \/>\nM\u00fcnchen, M\u00fcnchner Stadtmuseum, \u201eFu\u00dfball: Ein Spiel \u2013 viele Welten\u201c (Kat.)<br \/>\nWomen\u2019s Museum Dallas, Texas, \u201eLife as a Legend: Marilyn Monroe\u201c (Kat.), Wanderausstellung<br \/>\nSt\u00e4dtische Galerie L\u00fcdenscheid, \u201eGut und B\u00f6se\u201c (Kat.)<br \/>\nBoca Raton Museum of Art, Florida, \u201eLife as a Legend: Marilyn Monroe\u201c (Kat.), Wanderausstellung<\/p>\n<p><em>2007<\/em><\/p>\n<p style=\"padding-left: 30px;\">Karlsruhe Zentrum f\u00fcr Kunst und Medientechnologie, ZKM, \u201eart_clips, .ch.at.de\u201c (DVD-Edition)<br \/>\nNew York, Apex Art Gallery, \u201eFirst Curatorial Biennal\u201c<br \/>\nDayton Art Institute, Ohio, &#8222;I am an artificial product&#8220;, Myth and legend Marilyn Monroe (Kat.), Wanderausstellung<br \/>\nHuntington Museum of Art, WV, &#8222;I am an artificial product&#8220;, Myth and legend Marilyn Monroe (Kat.), Wanderausst.<br \/>\nSioux City Art Center, Iowa, &#8222;I am an artificial product&#8220;, Myth and legend Marilyn Monroe (Kat.), Wanderausst.<br \/>\nHalifax, Art Gallery of Nova Scotia, \u201eLife as a Legend: Marilyn Monroe\u201c (Kat.), Wanderausstellung<\/p>\n<p><em>2008<\/em><\/p>\n<p style=\"padding-left: 30px;\">N\u00fcrnberg\/F\u00fcrth, verschiedene Ausstellungsorte, \u201eMensch und Tier\u201c (Kat.)<br \/>\nBad Salzdetfurth, Kunstverein, \u201eThe Envelope is the Work of Art\u201c<br \/>\nColorado Springs, Fine Arts Center, \u201eLife as a Legend: Marilyn Monroe\u201c (Kat.), Wanderausstellung<br \/>\nBad Salzdetfurth, Kunstverein, \u201e&#8230;einen Augenblick, bitte!\u201c (Kat.)<br \/>\nChicago Cultural Center, \u201eLife as a Legend: Marilyn Monroe\u201c (Kat.), Wanderausstellung<br \/>\n<a href=\"http:\/\/wp.volkerhildebrandt.de\/?page_id=2336\"> D\u00fcsseldorf, Troner Art Consulting, \u201e\u00dcber\u00b4s Sofa\u201c<\/a><br \/>\nCalgary, Glenbow Museum, \u201eLife as a Legend: Marilyn Monroe\u201c (Kat.), Wanderausstellung<\/p>\n<p><em>2009<\/em><\/p>\n<p style=\"padding-left: 30px;\">Meersburg, St\u00e4dtische Galerie Neues Schlo\u00df, \u201eMarilyn in the Arts\u201c (Kat.), Wanderausstellung<\/p>\n<p><em>2010<\/em><\/p>\n<p style=\"padding-left: 30px;\">Pittsburgh, The Andy Warhol Museum, \u201eMarilyn Monroe: Life as a Legend\u201c (Kat.), Wanderausstellung<br \/>\nDayton, Ohio, The Dayton Art Institute, \u201eMarilyn Monroe: Life as a Legend\u201c (Kat.), Wanderausstellung<br \/>\nHamburg, Galerie Levy, \u201eDas Ohr von Giacometti\u201c (Kat.)<\/p>\n<p><em>2011<\/em><\/p>\n<p style=\"padding-left: 30px;\">Kleinburg, Ontario, The McMichael Canadian Art Collection, \u201eMarilyn Monroe: Life as a Legend\u201c (Kat.), Wanderausst.<br \/>\nDortmund, Inhouse, Troner Art Consulting, \u201ePop Art\u201c<br \/>\nD\u00fcsseldorf, Troner Art Consulting, \u201eChanges\u201c<\/p>\n<p><em>2012<\/em><\/p>\n<p style=\"padding-left: 30px;\">Krakau, MOCAK, \u201eKunst und Sport\u201c, (Kat.)<\/p>\n<p><em>2014<\/em><\/p>\n<p style=\"padding-left: 30px;\">Krakau, MOCAK, \u201ePopes\u201c (Kat.)<\/p>\n<p><em>2015<\/em><\/p>\n<p style=\"padding-left: 30px;\">Bad Salzdetfurth, Kunstverein, \u201ePainted \u2013 Gemalt \u2013 Peint\u201c<\/p>\n<p><em>2016<\/em><\/p>\n<p style=\"padding-left: 30px;\"><a href=\"http:\/\/volkerhildebrandt.de\/?page_id=2519\">K\u00f6ln, DD55 Art Gallery, &#8222;Under the Surface&#8220;<\/a><\/p>\n\n\n<\/div>\n","protected":false},"excerpt":{"rendered":"<div class=\"entry-summary\" itemprop=\"text\">\n<p>Volker Hildebrandt 1953 in Duisburg geboren 1972 \u2013 78 Studium der Kunstgeschichte und Sonderp\u00e4dagogik in Bonn und K\u00f6ln lebt in K\u00f6ln 1992 Kunstpreis der Anker Bank K\u00f6ln &nbsp; Einzelausstellungen 1976 Willich, Galerie L\u00f6hrl Bonn, Galerie im Ministerium 1977 Warschau, Galeria Wspolczesna Frankfurt, Galerie L\u00fcpke 1979 Willich, Galerie L\u00f6hrl, \u201eZeit\u201c Moers, St\u00e4dtische Galerie Peschkenhaus 1980 Bremerhaven, &#8230;<\/p>\n\n<\/div>\n","protected":false},"author":1,"featured_media":0,"parent":0,"menu_order":0,"comment_status":"closed","ping_status":"closed","template":"","meta":{"footnotes":""},"class_list":["post-388","page","type-page","status-publish","hentry","entry-lead"],"_links":{"self":[{"href":"https:\/\/volkerhildebrandt.de\/index.php?rest_route=\/wp\/v2\/pages\/388","targetHints":{"allow":["GET"]}}],"collection":[{"href":"https:\/\/volkerhildebrandt.de\/index.php?rest_route=\/wp\/v2\/pages"}],"about":[{"href":"https:\/\/volkerhildebrandt.de\/index.php?rest_route=\/wp\/v2\/types\/page"}],"author":[{"embeddable":true,"href":"https:\/\/volkerhildebrandt.de\/index.php?rest_route=\/wp\/v2\/users\/1"}],"replies":[{"embeddable":true,"href":"https:\/\/volkerhildebrandt.de\/index.php?rest_route=%2Fwp%2Fv2%2Fcomments&post=388"}],"version-history":[{"count":95,"href":"https:\/\/volkerhildebrandt.de\/index.php?rest_route=\/wp\/v2\/pages\/388\/revisions"}],"predecessor-version":[{"id":2697,"href":"https:\/\/volkerhildebrandt.de\/index.php?rest_route=\/wp\/v2\/pages\/388\/revisions\/2697"}],"wp:attachment":[{"href":"https:\/\/volkerhildebrandt.de\/index.php?rest_route=%2Fwp%2Fv2%2Fmedia&parent=388"}],"curies":[{"name":"wp","href":"https:\/\/api.w.org\/{rel}","templated":true}]}}