{"id":2394,"date":"2016-05-10T12:15:50","date_gmt":"2016-05-10T10:15:50","guid":{"rendered":"http:\/\/wp.volkerhildebrandt.de\/?page_id=2394"},"modified":"2016-06-26T03:04:38","modified_gmt":"2016-06-26T01:04:38","slug":"texte-eigene","status":"publish","type":"page","link":"https:\/\/volkerhildebrandt.de\/?page_id=2394","title":{"rendered":"texte eigene"},"content":{"rendered":"<div class=\"entry-content\" itemprop=\"text\">\n<h4><a href=\"http:\/\/wp.volkerhildebrandt.de\/wp-content\/uploads\/2016\/05\/1978-zeit-r\u00e4ume.pdf\">1978 zeit-r\u00e4ume<\/a><\/h4>\n<h4><a href=\"http:\/\/wp.volkerhildebrandt.de\/wp-content\/uploads\/2016\/05\/1985-ars-pro-toto.pdf\">1985 ars pro toto<\/a><\/h4>\n<h4><a href=\"http:\/\/wp.volkerhildebrandt.de\/wp-content\/uploads\/2016\/05\/1985-fernsehbilder-sind-bildst\u00f6rungen.pdf\">1985 Fernsehbilder sind Bildst\u00f6rungen<\/a><\/h4>\n<h4><a href=\"http:\/\/volkerhildebrandt.de\/wp-content\/uploads\/2016\/05\/1985-das-verh\u00e4ltnis-von-bildern-technischen-bildern-und-bildst\u00f6rungen.pdf\">1985 Das Verh\u00e4ltnis von Bildern, technischen Bildern und Bildst\u00f6rungen<\/a><\/h4>\n<h4><a href=\"http:\/\/volkerhildebrandt.de\/wp-content\/uploads\/2016\/05\/1985-fernsehen-pur.pdf\">1985 Fernsehen pur<\/a><\/h4>\n<h4><a href=\"http:\/\/wp.volkerhildebrandt.de\/wp-content\/uploads\/2016\/05\/1985-pink-programme.pdf\">1985 pink programme<\/a><\/h4>\n<h4><a href=\"http:\/\/volkerhildebrandt.de\/wp-content\/uploads\/2016\/05\/1985-der-kommentar.pdf\">1985 Kommentar<\/a><\/h4>\n<h4><a href=\"http:\/\/wp.volkerhildebrandt.de\/wp-content\/uploads\/2016\/05\/1986-ENTROPIE.pdf\">1986 Entropie<\/a><\/h4>\n<h4><a href=\"http:\/\/volkerhildebrandt.de\/wp-content\/uploads\/2016\/05\/1986-was-die-einschaltquoten-sagen.pdf\">1986 Einschaltquoten<\/a><\/h4>\n<h4><a href=\"http:\/\/volkerhildebrandt.de\/wp-content\/uploads\/2016\/05\/1987-VORTRAG.pdf\">1987 Vortrag<\/a><\/h4>\n<h4><a href=\"http:\/\/volkerhildebrandt.de\/wp-content\/uploads\/2016\/05\/1987-dance-the-btx-text.pdf\">1987 dance the btx<\/a><\/h4>\n<h4><a href=\"http:\/\/volkerhildebrandt.de\/wp-content\/uploads\/2016\/05\/1988-HUND.pdf\">1988 Hund<\/a><\/h4>\n<h4><a href=\"http:\/\/wp.volkerhildebrandt.de\/wp-content\/uploads\/2016\/05\/1988-Bilder-f\u00fcr-Blinde.pdf\">1988 Bilder f\u00fcr Blinde<\/a><\/h4>\n<h4><a href=\"http:\/\/wp.volkerhildebrandt.de\/wp-content\/uploads\/2016\/05\/1989-DUMONT-offener-Brief.pdf\">1989 Offener Brief an Alfred Neven DuMont<\/a><\/h4>\n<h4><a href=\"http:\/\/volkerhildebrandt.de\/wp-content\/uploads\/2016\/05\/1991-aus-einem-brief.pdf\">1991 aus einem Brief<\/a><\/h4>\n<h4><a href=\"http:\/\/volkerhildebrandt.de\/wp-content\/uploads\/2016\/05\/1991-cleared-by.pdf\">1991 cleared by<\/a><\/h4>\n<h4><a href=\"http:\/\/wp.volkerhildebrandt.de\/wp-content\/uploads\/2016\/05\/1992-Text-f\u00fcr-POTSDAM-Katalog.pdf\">1992 f\u00fcr den Potsdam-Katalog<\/a><\/h4>\n<h4><a href=\"http:\/\/volkerhildebrandt.de\/wp-content\/uploads\/2016\/05\/1994-susanne-anna-katalog-pictory-1-1.pdf\">1994 Gespr\u00e4ch mit Susanne Anna<\/a><\/h4>\n<h4><a href=\"http:\/\/wp.volkerhildebrandt.de\/wp-content\/uploads\/2016\/04\/Text-f\u00fcr-DAS-NEUE-GESICHT.pdf\">1997 Aus meiner Sicht<\/a><\/h4>\n<h4><a href=\"http:\/\/volkerhildebrandt.de\/wp-content\/uploads\/2016\/05\/1997-dibbidibi.pdf\">1997 dibbidibi<\/a><\/h4>\n<h4><a href=\"http:\/\/volkerhildebrandt.de\/wp-content\/uploads\/2016\/05\/1998-Hubertus.pdf\">1998 Hubertus<\/a><\/h4>\n<h4><a href=\"http:\/\/volkerhildebrandt.de\/wp-content\/uploads\/2016\/06\/1998-freiraum.pdf\">1998 Freiraum<\/a><\/h4>\n<h4><a href=\"http:\/\/volkerhildebrandt.de\/wp-content\/uploads\/2016\/05\/1999-Text-f\u00fcr-RTL-Dream-Screen.pdf\">1999 DREAM SCREEN f\u00fcr RTL<\/a><\/h4>\n<h4><a href=\"http:\/\/wp.volkerhildebrandt.de\/wp-content\/uploads\/2016\/05\/1999-Was-denkst-du-gerade.pdf\">1999 Was denkst Du gerade<\/a><\/h4>\n<h4><a href=\"http:\/\/wp.volkerhildebrandt.de\/wp-content\/uploads\/2016\/05\/1999-Warum-zum-Teufel.pdf\">1999 Warum zum Teufel<\/a><\/h4>\n<h4><a href=\"http:\/\/wp.volkerhildebrandt.de\/wp-content\/uploads\/2016\/05\/1999-Ich.-So-war\u00b4s.pdf\">1999 Ich. So war\u00b4s<\/a><\/h4>\n<h4><a href=\"http:\/\/wp.volkerhildebrandt.de\/wp-content\/uploads\/2016\/05\/1999-Gespr\u00e4ch-Zybok-Hildebrandt.pdf\">1999 Gespr\u00e4ch mit Oliver Zybok<\/a><\/h4>\n<h4><a href=\"http:\/\/wp.volkerhildebrandt.de\/wp-content\/uploads\/2016\/05\/1999-englisch-Zybok-Hildebrandt.pdf\">1999 Gespr\u00e4ch mit Oliver Zybok englisch<\/a><\/h4>\n<h4><a href=\"http:\/\/volkerhildebrandt.de\/wp-content\/uploads\/2016\/05\/2002-M-dna.pdf\">2002 M dna<\/a><\/h4>\n<h4><a href=\"http:\/\/wp.volkerhildebrandt.de\/wp-content\/uploads\/2016\/05\/2002-Armin-M.pdf\">2002 Armin M.<\/a><\/h4>\n<h4><a href=\"http:\/\/wp.volkerhildebrandt.de\/wp-content\/uploads\/2016\/05\/2006-Es-ist-v\u00f6llig-gleichg\u00fcltig.pdf\">2006 Es ist v\u00f6llig gleichg\u00fcltig<\/a><\/h4>\n<h4><a href=\"http:\/\/wp.volkerhildebrandt.de\/wp-content\/uploads\/2016\/04\/Antrag-an-die-UNESCO.pdf\">2007 Weltkulturerbe<\/a><\/h4>\n<h4><a href=\"http:\/\/wp.volkerhildebrandt.de\/wp-content\/uploads\/2016\/04\/weltkulturerbe-englisch.pdf\">2007 Weltkulturerbe englisch<\/a><\/h4>\n<h4><a href=\"http:\/\/wp.volkerhildebrandt.de\/wp-content\/uploads\/2016\/05\/2008-ich-bin-maler.pdf\">2008 Ich bin Maler<\/a><\/h4>\n<h4><a href=\"http:\/\/wp.volkerhildebrandt.de\/wp-content\/uploads\/2016\/05\/2008-i\u00b4m-painter.pdf\">2008 I\u00b4m Painter<\/a><\/h4>\n<h4><a href=\"http:\/\/wp.volkerhildebrandt.de\/wp-content\/uploads\/2016\/05\/2008-Bilder-und-Tiere.pdf\">2008 Bilder und Tiere<\/a><\/h4>\n<h4><a href=\"http:\/\/wp.volkerhildebrandt.de\/wp-content\/uploads\/2016\/04\/enrica-puggioni.pdf\">2009 Fern-Gespr\u00e4ch mit Enrica Puggioni<\/a><\/h4>\n<h4><a href=\"http:\/\/wp.volkerhildebrandt.de\/wp-content\/uploads\/2016\/04\/von-herz-zu-herz.pdf\">2016 Von Herz zu Herz<\/a><\/h4>\n<p>&nbsp;<\/p>\n\n\n<\/div>\n","protected":false},"excerpt":{"rendered":"<div class=\"entry-summary\" itemprop=\"text\">\n<p>1978 zeit-r\u00e4ume 1985 ars pro toto 1985 Fernsehbilder sind Bildst\u00f6rungen 1985 Das Verh\u00e4ltnis von Bildern, technischen Bildern und Bildst\u00f6rungen 1985 Fernsehen pur 1985 pink programme 1985 Kommentar 1986 Entropie 1986 Einschaltquoten 1987 Vortrag 1987 dance the btx 1988 Hund 1988 Bilder f\u00fcr Blinde 1989 Offener Brief an Alfred Neven DuMont 1991 aus einem Brief 1991 &#8230;<\/p>\n\n<\/div>\n","protected":false},"author":1,"featured_media":0,"parent":0,"menu_order":0,"comment_status":"closed","ping_status":"closed","template":"","meta":{"footnotes":""},"class_list":["post-2394","page","type-page","status-publish","hentry","entry-lead"],"_links":{"self":[{"href":"https:\/\/volkerhildebrandt.de\/index.php?rest_route=\/wp\/v2\/pages\/2394","targetHints":{"allow":["GET"]}}],"collection":[{"href":"https:\/\/volkerhildebrandt.de\/index.php?rest_route=\/wp\/v2\/pages"}],"about":[{"href":"https:\/\/volkerhildebrandt.de\/index.php?rest_route=\/wp\/v2\/types\/page"}],"author":[{"embeddable":true,"href":"https:\/\/volkerhildebrandt.de\/index.php?rest_route=\/wp\/v2\/users\/1"}],"replies":[{"embeddable":true,"href":"https:\/\/volkerhildebrandt.de\/index.php?rest_route=%2Fwp%2Fv2%2Fcomments&post=2394"}],"version-history":[{"count":47,"href":"https:\/\/volkerhildebrandt.de\/index.php?rest_route=\/wp\/v2\/pages\/2394\/revisions"}],"predecessor-version":[{"id":2675,"href":"https:\/\/volkerhildebrandt.de\/index.php?rest_route=\/wp\/v2\/pages\/2394\/revisions\/2675"}],"wp:attachment":[{"href":"https:\/\/volkerhildebrandt.de\/index.php?rest_route=%2Fwp%2Fv2%2Fmedia&parent=2394"}],"curies":[{"name":"wp","href":"https:\/\/api.w.org\/{rel}","templated":true}]}}