{"id":391,"date":"2016-03-06T12:58:30","date_gmt":"2016-03-06T11:58:30","guid":{"rendered":"http:\/\/wp.volkerhildebrandt.de\/?page_id=391"},"modified":"2016-10-22T18:08:42","modified_gmt":"2016-10-22T16:08:42","slug":"bibliographie","status":"publish","type":"page","link":"http:\/\/volkerhildebrandt.de\/?page_id=391","title":{"rendered":"vita bibliographie"},"content":{"rendered":"<div class=\"entry-content\" itemprop=\"text\">\n<h4>Bibliographie<\/h4>\n<p>Texte\/Publikationen von Volker Hildebrandt<br \/>\n1980 zeit &#8211; schrift hildebrandt 1<br \/>\n1981 zeit &#8211; schrift hildebrandt 2<br \/>\n1982 zeit &#8211; schrift hildebrandt 3, darin Thomas Strauss: &#8222;Versuch um einen neuen Spielraum in Richtung Wissenschaft&#8220;<br \/>\n1983 zeit &#8211; schrift hildebrandt 4<br \/>\n1984 zeit &#8211; schrift hildebrandt 5<br \/>\n1985 zeit &#8211; schrift hildebrandt 6, darin Anette Fulda: &#8222;Bildst\u00f6rungen&#8220;<\/p>\n<p>Projekte mit Zeitungen<br \/>\n1992 artist kunstmagazin, Heft 14\/15, &#8222;Artists-Auflage&#8220;<br \/>\ndie Woche, 25. Jahrgang\/Nr. 22, 27.5.1992<br \/>\n1994 Kultur, 5. Jahrgang 39, Mai 94, &#8220; Concetto triviale&#8220;<br \/>\n1995 Hamburger Morgenpost, Nr. 296\/51, 19.12.1995<br \/>\nKultur Joker, 5. Jahrgang, 37.\/38. Woche, 15.-28. 9.1995<br \/>\n2003 Plattlinger Anzeiger, 16.5.2003, &#8222;Eintracht Deggendorf&#8220;<\/p>\n<p>Videos<br \/>\n<em>2002\u00a0<\/em>&#8222;M dna&#8220;, SVCD und Grafik, Galerie Epikur Wuppertal, nominiert f\u00fcr den Int. Medienkunstpreis 2002<br \/>\n2004 &#8222;HKvsRB&#8220;, SVCD und Grafik, Galerie Epikur Wuppertal<\/p>\n<p>&nbsp;<\/p>\n<p>1979 Volker Hildebrandt, &#8222;meine tage&#8220;, Galerie L\u00f6hrl, Willich-Schiefbahn<br \/>\nBerndt Mosblech und Volker Hildebrandt, &#8222;Nephelos&#8220;, Guido Hildebrandt Verlag, Duisburg<br \/>\n1980 &#8222;54 Artists from Duisburg&#8220;, Kat., Portsmouth City Museum<br \/>\n1984 &#8222;Bonjour, Monsieur Kolar!&#8220;, Kat., Galerie Sch\u00fcppenhauer, Essen-Kettwig<br \/>\n1985 &#8222;Impulse 6, Fl\u00fcchtige Bilder&#8220;, Kat., Galerie L\u00f6hrl, M\u00f6nchengladbach<br \/>\nDavid Galloway, &#8222;artware&#8220;, Kat., Siemens AG, M\u00fcnchen<br \/>\n1986 David Galloway, &#8222;artware&#8220;, Kat., Siemens AG, M\u00fcnchen und Hannover-Messe<br \/>\nPeter Friese, &#8222;Kultur Natur&#8220;, Kat., VHS Wuppertal<br \/>\nKarin Stempel Hrsg., &#8222;BTX-ART 1&#8220;, Kat., Museum M\u00fclheim a. d. Ruhr<br \/>\nVolker Hildebrandt, &#8222;Hildebrandts Rosa Schnecke&#8220;, Kat., Karin Bolz Galerie, M\u00fclheim a.d. Ruhr<br \/>\n1987 David Galloway Hrsg., &#8222;artware, Kunst und Elektronik&#8220;, Econ Verlag, D\u00fcsseldorf Wien New York<br \/>\nWolfgang Blobel, &#8222;Computerkunst in Deutschland 1987&#8220;, Kat., Barke Verlag, M\u00fcnchen<br \/>\nPeter Friese, &#8222;K\u00fcnstlichkeit und Wirklichkeit&#8220;, Kat., VHS Wuppertal<br \/>\n1988 &#8222;Computerkunst &#8217;88&#8220;, Kat., Museum der Stadt Gladbeck<br \/>\n1989 Volker Hildebrandt, &#8222;Bilder f\u00fcr Blinde Neue Belege&#8220;, Kat., Karin Bolz Galerie, K\u00f6ln<br \/>\n&#8222;Was darf eine Zeitung&#8220;, die tageszeitung, 11.2.1989<br \/>\nVolker Hildebrandt, &#8222;Welcome to Hotel Rasputin&#8220;, Kat., Kunstkanal, Bonn<br \/>\nJ\u00fcrgen Raap, &#8222;Bildst\u00f6rungen&#8220;, in Kunstforum International Bd. 99<br \/>\nJ\u00fcrgen Claus, &#8222;Volker Hildebrandt, Welcome to Hotel Rasputin&#8220;, in Kunstreport Ausgabe Winter 89<br \/>\nJ\u00fcrgen Raap, &#8222;Volker Hildebrandt&#8220;, in Kunstforum International Bd. 100<br \/>\n1990 Volker Hildebrandt, &#8222;Chaotische Strukturen Himmlische Figuren&#8220;, Kat., Karin Bolz Galerie, K\u00f6ln<br \/>\nVolker Hildebrandt, &#8222;Der Saal der Sammlung und Das Zimmer des Sammlers&#8220;, Kat., Museum Schlo\u00df Morsbroich, Leverkusen<br \/>\nKatharina Friedrichs, &#8222;Alles nur Bildst\u00f6rung&#8220;, in Junge Kunst Nr. 9<br \/>\n1991 Volker Hildebrandt, &#8222;Stoffmuster&#8220;, Kat., Kunstverein Unna<br \/>\n<a href=\"http:\/\/volkerhildebrandt.de\/wp-content\/uploads\/2016\/10\/1991-kunstforum-bd.-115.pdf\">J\u00fcrgen Raap, &#8222;Volker Hildebrandt&#8220;, in Kunstforum International Bd. 111<\/a><br \/>\nVolker Hildebrandt, &#8222;Spektakuleer&#8220;, Kat., Galerie Epikur, Wuppertal<br \/>\nJ\u00fcrgen Raap, &#8222;Verblindung&#8220;, in Kunstforum International, Bd. 115<br \/>\nKarlheinz Schmid: &#8222;Kunst-Geschichten&#8220;, Prestel-Verlag, M\u00fcnchen<br \/>\nJ\u00fcrgen Schweinebraden, &#8222;Avantgarde &#8211; Reflex Ost-West&#8220;, Kat., Berufsverband Bildender K\u00fcnstler, Bonn<br \/>\nMartin Bochynek, &#8222;Volker Hildebrandt. Karin Bolz Galerie K\u00f6ln&#8220; in Artis Nr. 7\/8-92<br \/>\nGerhard K\u00f6lsch, &#8222;\u00dcber Volker Hildebrandt&#8220;, in artist 10\/11-92<br \/>\n1993 Volker Hildebrandt, &#8222;Volker Hildebrandt&#8220;, Kat., Galerie 54, Windhagen<br \/>\n1994 Volker Hildebrandt, &#8222;Pictory &#8211; Der Sieg der Bilder&#8220;, Kat., St\u00e4dtische Kunstsammlungen Chemnitz<br \/>\nRuth H\u00e4ndler, &#8222;Im Fernsehen ist grunds\u00e4tzlich alles gleich&#8220;, in art 2\/94<br \/>\nRegina Wyrwoll, &#8222;Wahriabel&#8220;, in Neue Bildende Kunst 2\/94<br \/>\nVolker Hildebrandt, &#8222;M 130&#8220;, Kat., Landesgirokasse, Stuttgart<br \/>\nVolker Hildebrandt, &#8222;Du sollst Dir kein Bildnis machen&#8220;, Emons Verlag, K\u00f6ln<br \/>\n1996 Volker Hildebrandt, &#8222;Cross Dressing&#8220;, Kat., Ev. Gemeinde K\u00f6ln<br \/>\nVolker Hildebrandt, &#8222;10. Kasseler Versuchung&#8220;, Kat., Galerie Siegfried Sander, Kassel<br \/>\n1997 Ulrike Lehmann Hrsg., &#8222;Das neue Gesicht&#8220;, Kat., Kunstverein Konstanz<br \/>\nSusanne Anna Hrsg., &#8222;Standort Deutschland&#8220;, Kat., Museum Schlo\u00df Morsbroich Leverkusen<br \/>\nKlaus Flemming, &#8222;Querpass \u2013 K\u00fcnstler sehen Fu\u00dfball&#8220;, Kat., Bayer AG Leverkusen<br \/>\nEva-Maria Kentner und Oliver Zybok Hrsg., &#8222;Kunst der Gegenwart deutscher K\u00fcnstler&#8220;, Kat., Epikur Verlag, Wuppertal<br \/>\n1998 Christiane Zangs Hrsg., &#8222;Heimspiel, Fu\u00dfball \u2013 Kunst und Kult&#8220;, Kat., Museum Schlo\u00df Rheydt<br \/>\n1999 Volker Hildebrandt, &#8222;biltsht\u00f6roong&#8220;, Kat., Galerie Epikur, Wuppertal<br \/>\n&#8222;Zoom \u2013 Ansichten zur dt. Gegenwartskunst, Slg. LBBW&#8220;, Kat., LBBW, Stuttgart<br \/>\nSusanne Anna Hrsg., &#8222;Global Fun&#8220;, Kat., Museum Schlo\u00df Morsbroich Leverkusen<br \/>\nRen\u00e9 Hirner und Marlene Lauter Hrsg., &#8222;FarbLicht&#8220;, Cantz Verlag, Ostfildern-Ruit<br \/>\n2000 Oliver Zybok Hrsg., &#8222;Von Angesicht zu Angesicht&#8220;, Museum Schlo\u00df Morsbroich Leverkusen<br \/>\nKlaus Flemming, &#8222;Kunstfu\u00dfball \u2013 Fu\u00dfballkunst&#8220;, Kat., Deutsches Sport- und Olympiamuseum K\u00f6ln<br \/>\n2001 Hartmut Kraft, &#8222;Kunst auf Rezept&#8220;, Salon Verlag, K\u00f6ln<br \/>\nAnja Eichler Hrsg., &#8222;DIN ART 4&#8220;, Museum f\u00fcr Kommunikation Frankfurt<br \/>\n2002 Barbara K\u00f6nches und Peter Weibel Hrsg., &#8222;bilder codes&#8220;, Kat., ZKM, Karlsruhe<br \/>\n2003 Thomas Levy und Alexander Sairally Hrsg., &#8222;Marilyn&#8220;, Kat., Artoma GmbH, Hamburg<\/p>\n\n\n<\/div>\n","protected":false},"excerpt":{"rendered":"<div class=\"entry-summary\" itemprop=\"text\">\n<p>Bibliographie Texte\/Publikationen von Volker Hildebrandt 1980 zeit &#8211; schrift hildebrandt 1 1981 zeit &#8211; schrift hildebrandt 2 1982 zeit &#8211; schrift hildebrandt 3, darin Thomas Strauss: &#8222;Versuch um einen neuen Spielraum in Richtung Wissenschaft&#8220; 1983 zeit &#8211; schrift hildebrandt 4 1984 zeit &#8211; schrift hildebrandt 5 1985 zeit &#8211; schrift hildebrandt 6, darin Anette Fulda: &#8230;<\/p>\n\n<\/div>\n","protected":false},"author":1,"featured_media":0,"parent":0,"menu_order":0,"comment_status":"closed","ping_status":"closed","template":"","meta":{"footnotes":""},"class_list":["post-391","page","type-page","status-publish","hentry","entry-lead"],"_links":{"self":[{"href":"http:\/\/volkerhildebrandt.de\/index.php?rest_route=\/wp\/v2\/pages\/391","targetHints":{"allow":["GET"]}}],"collection":[{"href":"http:\/\/volkerhildebrandt.de\/index.php?rest_route=\/wp\/v2\/pages"}],"about":[{"href":"http:\/\/volkerhildebrandt.de\/index.php?rest_route=\/wp\/v2\/types\/page"}],"author":[{"embeddable":true,"href":"http:\/\/volkerhildebrandt.de\/index.php?rest_route=\/wp\/v2\/users\/1"}],"replies":[{"embeddable":true,"href":"http:\/\/volkerhildebrandt.de\/index.php?rest_route=%2Fwp%2Fv2%2Fcomments&post=391"}],"version-history":[{"count":10,"href":"http:\/\/volkerhildebrandt.de\/index.php?rest_route=\/wp\/v2\/pages\/391\/revisions"}],"predecessor-version":[{"id":2693,"href":"http:\/\/volkerhildebrandt.de\/index.php?rest_route=\/wp\/v2\/pages\/391\/revisions\/2693"}],"wp:attachment":[{"href":"http:\/\/volkerhildebrandt.de\/index.php?rest_route=%2Fwp%2Fv2%2Fmedia&parent=391"}],"curies":[{"name":"wp","href":"https:\/\/api.w.org\/{rel}","templated":true}]}}