{"id":2490,"date":"2016-05-11T13:30:28","date_gmt":"2016-05-11T11:30:28","guid":{"rendered":"http:\/\/volkerhildebrandt.de\/?page_id=2490"},"modified":"2016-05-11T13:31:29","modified_gmt":"2016-05-11T11:31:29","slug":"datenschutzerklaerung","status":"publish","type":"page","link":"http:\/\/volkerhildebrandt.de\/?page_id=2490","title":{"rendered":"datenschutzerkl\u00e4rung"},"content":{"rendered":"<div class=\"entry-content\" itemprop=\"text\">\n<h1>Datenschutzerkl\u00e4rung:<\/h1>\n<p><strong>Datenschutzerkl\u00e4rung f\u00fcr die Nutzung von YouTube<\/strong><\/p>\n<p>Unsere Webseite nutzt Plugins der von Google betriebenen Seite YouTube. Betreiber der Seiten ist die YouTube, LLC, 901 Cherry Ave., San Bruno, CA 94066, USA. Wenn Sie eine unserer mit einem YouTube-Plugin ausgestatteten Seiten besuchen, wird eine Verbindung zu den Servern von YouTube hergestellt. Dabei wird dem Youtube-Server mitgeteilt, welche unserer Seiten Sie besucht haben.<br \/>\nWenn Sie in Ihrem YouTube-Account eingeloggt sind erm\u00f6glichen Sie YouTube, Ihr Surfverhalten direkt Ihrem pers\u00f6nlichen Profil zuzuordnen. Dies k\u00f6nnen Sie verhindern, indem Sie sich aus Ihrem YouTube-Account ausloggen.<\/p>\n<p>Weitere Informationen zum Umgang von Nutzerdaten finden Sie in der Datenschutzerkl\u00e4rung von YouTube unter\u00a0<a href=\"https:\/\/www.google.de\/intl\/de\/policies\/privacy\">https:\/\/www.google.de\/intl\/de\/policies\/privacy<\/a><\/p>\n\n\n<\/div>\n","protected":false},"excerpt":{"rendered":"<div class=\"entry-summary\" itemprop=\"text\">\n<p>Datenschutzerkl\u00e4rung: Datenschutzerkl\u00e4rung f\u00fcr die Nutzung von YouTube Unsere Webseite nutzt Plugins der von Google betriebenen Seite YouTube. Betreiber der Seiten ist die YouTube, LLC, 901 Cherry Ave., San Bruno, CA 94066, USA. Wenn Sie eine unserer mit einem YouTube-Plugin ausgestatteten Seiten besuchen, wird eine Verbindung zu den Servern von YouTube hergestellt. Dabei wird dem Youtube-Server &#8230;<\/p>\n\n<\/div>\n","protected":false},"author":1,"featured_media":0,"parent":0,"menu_order":0,"comment_status":"closed","ping_status":"closed","template":"","meta":{"footnotes":""},"class_list":["post-2490","page","type-page","status-publish","hentry","entry-lead"],"_links":{"self":[{"href":"http:\/\/volkerhildebrandt.de\/index.php?rest_route=\/wp\/v2\/pages\/2490","targetHints":{"allow":["GET"]}}],"collection":[{"href":"http:\/\/volkerhildebrandt.de\/index.php?rest_route=\/wp\/v2\/pages"}],"about":[{"href":"http:\/\/volkerhildebrandt.de\/index.php?rest_route=\/wp\/v2\/types\/page"}],"author":[{"embeddable":true,"href":"http:\/\/volkerhildebrandt.de\/index.php?rest_route=\/wp\/v2\/users\/1"}],"replies":[{"embeddable":true,"href":"http:\/\/volkerhildebrandt.de\/index.php?rest_route=%2Fwp%2Fv2%2Fcomments&post=2490"}],"version-history":[{"count":1,"href":"http:\/\/volkerhildebrandt.de\/index.php?rest_route=\/wp\/v2\/pages\/2490\/revisions"}],"predecessor-version":[{"id":2491,"href":"http:\/\/volkerhildebrandt.de\/index.php?rest_route=\/wp\/v2\/pages\/2490\/revisions\/2491"}],"wp:attachment":[{"href":"http:\/\/volkerhildebrandt.de\/index.php?rest_route=%2Fwp%2Fv2%2Fmedia&parent=2490"}],"curies":[{"name":"wp","href":"https:\/\/api.w.org\/{rel}","templated":true}]}}